{"id":43,"date":"2022-03-08T13:02:30","date_gmt":"2022-03-08T13:02:30","guid":{"rendered":"https:\/\/impreza44.us-themes.com\/?page_id=43"},"modified":"2025-11-22T15:52:54","modified_gmt":"2025-11-22T14:52:54","slug":"home","status":"publish","type":"page","link":"http:\/\/dev.bf-wb.com\/bodyform-wasserbetten-dev\/","title":{"rendered":"Home"},"content":{"rendered":"<section class=\"l-section wpb_row height_auto\"><div class=\"l-section-h i-cf\"><div class=\"g-cols vc_row via_grid cols_1 laptops-cols_inherit tablets-cols_inherit mobiles-cols_1 valign_top type_default stacking_default\"><div class=\"wpb_column vc_column_container us_custom_46376170 has_bg_color\"><div class=\"vc_column-inner\"><div class=\"w-separator size_large\"><\/div><div class=\"w-separator size_medium\"><\/div><h1 class=\"w-text us_custom_836f727b has_text_color\"><span class=\"w-text-h\"><span class=\"w-text-value\">Wir machen<br \/> Sie gl\u00fccklich.<\/span><\/span><\/h1><div class=\"w-separator size_custom\" style=\"height:30px\"><\/div><\/div><\/div><\/div><\/div><\/section><section class=\"l-section wpb_row height_custom\"><div class=\"l-section-h i-cf\"><div class=\"g-cols vc_row via_grid cols_1 laptops-cols_inherit tablets-cols_inherit mobiles-cols_1 valign_top type_default stacking_default\"><div class=\"wpb_column vc_column_container\"><div class=\"vc_column-inner\"><div class=\"g-cols wpb_row via_grid cols_1 laptops-cols_inherit tablets-cols_inherit mobiles-cols_1 valign_top type_default stacking_default\" style=\"--columns-gap:3rem;\"><div class=\"wpb_column vc_column_container\"><div class=\"vc_column-inner\"><h2 class=\"w-text\"><span class=\"w-text-h\"><span class=\"w-text-value\">Das Beste f\u00fcr Ihren R\u00fccken: <br \/> Wasserbetten von Bodyform<\/span><\/span><\/h2><div class=\"wpb_text_column\"><div class=\"wpb_wrapper\"><p><span>Es gibt viele Wege und M\u00f6glichkeiten, seinem R\u00fccken etwas Gutes zu tun. So zum Beispiel mit einem Wasserbett von Bodyform. Es sorgt f\u00fcr maximale Entlastung und f\u00f6rdert aktiv die Regeneration. Denn Betten von Bodyform haben alles, wovon Ihr R\u00fccken tr\u00e4umt.<\/span><\/p>\n<\/div><\/div><\/div><\/div><\/div><div class=\"w-separator size_medium\"><\/div><div class=\"g-cols wpb_row via_grid cols_2 laptops-cols_inherit tablets-cols_inherit mobiles-cols_1 valign_top type_default stacking_default\" style=\"--columns-gap:3rem;\"><div class=\"wpb_column vc_column_container\"><div class=\"vc_column-inner\"><h3 class=\"w-text\"><span class=\"w-text-h\"><span class=\"w-text-value\">HighLine Exclusive<\/span><\/span><\/h3><div class=\"w-image align_none\"><div class=\"w-image-h\"><img decoding=\"async\" width=\"403\" height=\"182\" src=\"http:\/\/dev.bf-wb.com\/bodyform-wasserbetten-dev\/wp-content\/uploads\/sites\/13\/2025\/11\/bett_split_exclusive2.png\" class=\"attachment-large size-large\" alt=\"\" loading=\"lazy\" srcset=\"http:\/\/dev.bf-wb.com\/bodyform-wasserbetten-dev\/wp-content\/uploads\/sites\/13\/2025\/11\/bett_split_exclusive2.png 403w, http:\/\/dev.bf-wb.com\/bodyform-wasserbetten-dev\/wp-content\/uploads\/sites\/13\/2025\/11\/bett_split_exclusive2-300x135.png 300w\" sizes=\"auto, (max-width: 403px) 100vw, 403px\" \/><\/div><\/div><div class=\"wpb_text_column\"><div class=\"wpb_wrapper\"><p>Alles Vollkommene geht \u00fcber das Gew\u00f6hnliche weit hinaus. Bestes Beispiel hierf\u00fcr ist HighLine Exclusive. Eine Komposition aus Spitzenmaterialien, modernsten Fertigungsverfahren und zu einhundert Prozent \u201emade in Germany\u201c, sichert Ihnen HighLine Exclusive nicht nur ein H\u00f6chstma\u00df an Haltbarkeit, Komfort und Wohlbefinden. In \u00fcber 300 Designvariationen erh\u00e4ltlich, ist HighLine Exclusive zudem Ausdruck gr\u00f6\u00dfter Individualit\u00e4t.<\/p>\n<\/div><\/div><\/div><\/div><div class=\"wpb_column vc_column_container\"><div class=\"vc_column-inner\"><h3 class=\"w-text\"><span class=\"w-text-h\"><span class=\"w-text-value\">HighLine Triplex<\/span><\/span><\/h3><div class=\"w-image align_none\"><div class=\"w-image-h\"><img decoding=\"async\" width=\"389\" height=\"179\" src=\"http:\/\/dev.bf-wb.com\/bodyform-wasserbetten-dev\/wp-content\/uploads\/sites\/13\/2025\/11\/bett_highline_triplex.png\" class=\"attachment-large size-large\" alt=\"\" loading=\"lazy\" srcset=\"http:\/\/dev.bf-wb.com\/bodyform-wasserbetten-dev\/wp-content\/uploads\/sites\/13\/2025\/11\/bett_highline_triplex.png 389w, http:\/\/dev.bf-wb.com\/bodyform-wasserbetten-dev\/wp-content\/uploads\/sites\/13\/2025\/11\/bett_highline_triplex-300x138.png 300w\" sizes=\"auto, (max-width: 389px) 100vw, 389px\" \/><\/div><\/div><div class=\"wpb_text_column\"><div class=\"wpb_wrapper\"><p><span>Mehr kann man von seinem Wasserbett nicht erwarten: Mit perfekter Ergonomie, maximalem Komfort und h\u00f6chster Qualit\u00e4t kr\u00f6nt HighLine Triplex\u00ae jeden Schlaf. Das Wasserbett ist zu einhundert Prozent \u201emade in Germany\u201c und das Spitzenergebnis hochwertiger Materialien und modernster Fertigungsverfahren. Lassen auch Sie sich von uns Ihr Wasserbett individuell anfertigen. Und tr\u00e4umen Sie schon morgens sehns\u00fcchtig von der kommenden Nacht.<\/span><\/p>\n<\/div><\/div><\/div><\/div><\/div><\/div><\/div><\/div><\/div><\/section><section class=\"l-section wpb_row height_custom\"><div class=\"l-section-h i-cf\"><div class=\"g-cols vc_row via_grid cols_1 laptops-cols_inherit tablets-cols_inherit mobiles-cols_1 valign_top type_default stacking_default\"><div class=\"wpb_column vc_column_container\"><div class=\"vc_column-inner\"><h2 class=\"w-text\"><span class=\"w-text-h\"><span class=\"w-text-value\">Gute Qualit\u00e4t. Gute Nacht.<\/span><\/span><\/h2><div class=\"wpb_text_column\"><div class=\"wpb_wrapper\"><p><span>Ein Wasserbett ist ein Produkt f\u00fcr den allt\u00e4glichen Gebrauch. Und doch ist ein gutes Wasserbett noch lange nicht allt\u00e4glich. Wer hier spart, spart am falschen Ende. Denn guter Schlaf ist unbezahlbar. Spitzenqualit\u00e4t ist daher unser oberster Anspruch. S\u00e4mtliche Bodyform-Betten sind \u201emade in Germany\u201c und die Idealkombination aus hochwertigen Materialien, modernster Produktion und vorbildlicher Qualit\u00e4tssicherung. Zugleich sind sie Ausdruck gr\u00f6\u00dfter mechanischer, elektrischer und gesundheitlicher Sicherheit.<\/span><\/p>\n<\/div><\/div><\/div><\/div><\/div><\/div><\/section>\n","protected":false},"excerpt":{"rendered":"Wir machen Sie gl\u00fccklich.Das Beste f\u00fcr Ihren R\u00fccken: Wasserbetten von BodyformEs gibt viele Wege und M\u00f6glichkeiten, seinem R\u00fccken etwas Gutes zu tun. So zum Beispiel mit einem Wasserbett von Bodyform. Es sorgt f\u00fcr maximale Entlastung und f\u00f6rdert aktiv die Regeneration. Denn Betten von Bodyform haben alles, wovon Ihr R\u00fccken tr\u00e4umt. HighLine ExclusiveAlles Vollkommene geht \u00fcber...","protected":false},"author":1,"featured_media":0,"parent":0,"menu_order":0,"comment_status":"closed","ping_status":"closed","template":"","meta":{"_acf_changed":false,"footnotes":""},"class_list":["post-43","page","type-page","status-publish","hentry"],"yoast_head":"<!-- This site is optimized with the Yoast SEO Premium plugin v23.0 (Yoast SEO v27.5) - https:\/\/yoast.com\/product\/yoast-seo-premium-wordpress\/ -->\n<title>Home - Bodyform Wasserbetten Dev<\/title>\n<meta name=\"robots\" content=\"index, follow, max-snippet:-1, max-image-preview:large, max-video-preview:-1\" \/>\n<link rel=\"canonical\" href=\"http:\/\/dev.bf-wb.com\/bodyform-wasserbetten-dev\/\" \/>\n<meta property=\"og:locale\" content=\"de_DE\" \/>\n<meta property=\"og:type\" content=\"article\" \/>\n<meta property=\"og:title\" content=\"Home\" \/>\n<meta property=\"og:url\" content=\"http:\/\/dev.bf-wb.com\/bodyform-wasserbetten-dev\/\" \/>\n<meta property=\"og:site_name\" content=\"Bodyform Wasserbetten Dev\" \/>\n<meta property=\"article:modified_time\" content=\"2025-11-22T14:52:54+00:00\" \/>\n<meta name=\"twitter:card\" content=\"summary_large_image\" \/>\n<meta name=\"twitter:label1\" content=\"Gesch\u00e4tzte Lesezeit\" \/>\n\t<meta name=\"twitter:data1\" content=\"3\u00a0Minuten\" \/>\n<script type=\"application\/ld+json\" class=\"yoast-schema-graph\">{\"@context\":\"https:\\\/\\\/schema.org\",\"@graph\":[{\"@type\":\"WebPage\",\"@id\":\"http:\\\/\\\/dev.bf-wb.com\\\/bodyform-wasserbetten-dev\\\/\",\"url\":\"http:\\\/\\\/dev.bf-wb.com\\\/bodyform-wasserbetten-dev\\\/\",\"name\":\"Home - Bodyform Wasserbetten Dev\",\"isPartOf\":{\"@id\":\"http:\\\/\\\/dev.bf-wb.com\\\/bodyform-wasserbetten-dev\\\/#website\"},\"datePublished\":\"2022-03-08T13:02:30+00:00\",\"dateModified\":\"2025-11-22T14:52:54+00:00\",\"breadcrumb\":{\"@id\":\"http:\\\/\\\/dev.bf-wb.com\\\/bodyform-wasserbetten-dev\\\/#breadcrumb\"},\"inLanguage\":\"de\",\"potentialAction\":[{\"@type\":\"ReadAction\",\"target\":[\"http:\\\/\\\/dev.bf-wb.com\\\/bodyform-wasserbetten-dev\\\/\"]}]},{\"@type\":\"BreadcrumbList\",\"@id\":\"http:\\\/\\\/dev.bf-wb.com\\\/bodyform-wasserbetten-dev\\\/#breadcrumb\",\"itemListElement\":[{\"@type\":\"ListItem\",\"position\":1,\"name\":\"Startseite\",\"item\":\"http:\\\/\\\/dev.bf-wb.com\\\/bodyform-wasserbetten-dev\\\/\"},{\"@type\":\"ListItem\",\"position\":2,\"name\":\"Home\"}]},{\"@type\":\"WebSite\",\"@id\":\"http:\\\/\\\/dev.bf-wb.com\\\/bodyform-wasserbetten-dev\\\/#website\",\"url\":\"http:\\\/\\\/dev.bf-wb.com\\\/bodyform-wasserbetten-dev\\\/\",\"name\":\"Bodyform Wasserbetten Dev\",\"description\":\"\",\"potentialAction\":[{\"@type\":\"SearchAction\",\"target\":{\"@type\":\"EntryPoint\",\"urlTemplate\":\"http:\\\/\\\/dev.bf-wb.com\\\/bodyform-wasserbetten-dev\\\/?s={search_term_string}\"},\"query-input\":{\"@type\":\"PropertyValueSpecification\",\"valueRequired\":true,\"valueName\":\"search_term_string\"}}],\"inLanguage\":\"de\"}]}<\/script>\n<!-- \/ Yoast SEO Premium plugin. -->","yoast_head_json":{"title":"Home - Bodyform Wasserbetten Dev","robots":{"index":"index","follow":"follow","max-snippet":"max-snippet:-1","max-image-preview":"max-image-preview:large","max-video-preview":"max-video-preview:-1"},"canonical":"http:\/\/dev.bf-wb.com\/bodyform-wasserbetten-dev\/","og_locale":"de_DE","og_type":"article","og_title":"Home","og_url":"http:\/\/dev.bf-wb.com\/bodyform-wasserbetten-dev\/","og_site_name":"Bodyform Wasserbetten Dev","article_modified_time":"2025-11-22T14:52:54+00:00","twitter_card":"summary_large_image","twitter_misc":{"Gesch\u00e4tzte Lesezeit":"3\u00a0Minuten"},"schema":{"@context":"https:\/\/schema.org","@graph":[{"@type":"WebPage","@id":"http:\/\/dev.bf-wb.com\/bodyform-wasserbetten-dev\/","url":"http:\/\/dev.bf-wb.com\/bodyform-wasserbetten-dev\/","name":"Home - Bodyform Wasserbetten Dev","isPartOf":{"@id":"http:\/\/dev.bf-wb.com\/bodyform-wasserbetten-dev\/#website"},"datePublished":"2022-03-08T13:02:30+00:00","dateModified":"2025-11-22T14:52:54+00:00","breadcrumb":{"@id":"http:\/\/dev.bf-wb.com\/bodyform-wasserbetten-dev\/#breadcrumb"},"inLanguage":"de","potentialAction":[{"@type":"ReadAction","target":["http:\/\/dev.bf-wb.com\/bodyform-wasserbetten-dev\/"]}]},{"@type":"BreadcrumbList","@id":"http:\/\/dev.bf-wb.com\/bodyform-wasserbetten-dev\/#breadcrumb","itemListElement":[{"@type":"ListItem","position":1,"name":"Startseite","item":"http:\/\/dev.bf-wb.com\/bodyform-wasserbetten-dev\/"},{"@type":"ListItem","position":2,"name":"Home"}]},{"@type":"WebSite","@id":"http:\/\/dev.bf-wb.com\/bodyform-wasserbetten-dev\/#website","url":"http:\/\/dev.bf-wb.com\/bodyform-wasserbetten-dev\/","name":"Bodyform Wasserbetten Dev","description":"","potentialAction":[{"@type":"SearchAction","target":{"@type":"EntryPoint","urlTemplate":"http:\/\/dev.bf-wb.com\/bodyform-wasserbetten-dev\/?s={search_term_string}"},"query-input":{"@type":"PropertyValueSpecification","valueRequired":true,"valueName":"search_term_string"}}],"inLanguage":"de"}]}},"acf":[],"publishpress_future_action":{"enabled":false,"date":"2026-05-06 15:23:46","action":"change-status","newStatus":"draft","terms":[],"taxonomy":"language","extraData":[]},"publishpress_future_workflow_manual_trigger":{"enabledWorkflows":[]},"_links":{"self":[{"href":"http:\/\/dev.bf-wb.com\/bodyform-wasserbetten-dev\/wp-json\/wp\/v2\/pages\/43","targetHints":{"allow":["GET"]}}],"collection":[{"href":"http:\/\/dev.bf-wb.com\/bodyform-wasserbetten-dev\/wp-json\/wp\/v2\/pages"}],"about":[{"href":"http:\/\/dev.bf-wb.com\/bodyform-wasserbetten-dev\/wp-json\/wp\/v2\/types\/page"}],"author":[{"embeddable":true,"href":"http:\/\/dev.bf-wb.com\/bodyform-wasserbetten-dev\/wp-json\/wp\/v2\/users\/1"}],"replies":[{"embeddable":true,"href":"http:\/\/dev.bf-wb.com\/bodyform-wasserbetten-dev\/wp-json\/wp\/v2\/comments?post=43"}],"version-history":[{"count":15,"href":"http:\/\/dev.bf-wb.com\/bodyform-wasserbetten-dev\/wp-json\/wp\/v2\/pages\/43\/revisions"}],"predecessor-version":[{"id":336,"href":"http:\/\/dev.bf-wb.com\/bodyform-wasserbetten-dev\/wp-json\/wp\/v2\/pages\/43\/revisions\/336"}],"wp:attachment":[{"href":"http:\/\/dev.bf-wb.com\/bodyform-wasserbetten-dev\/wp-json\/wp\/v2\/media?parent=43"}],"curies":[{"name":"wp","href":"https:\/\/api.w.org\/{rel}","templated":true}]}}